{"id":3,"date":"2023-11-29T16:24:57","date_gmt":"2023-11-29T15:24:57","guid":{"rendered":"http:\/\/france-etalon.a.equideclic.com.local:8888\/?page_id=3"},"modified":"2024-01-18T17:00:07","modified_gmt":"2024-01-18T16:00:07","slug":"politique-de-confidentialite","status":"publish","type":"page","link":"https:\/\/www.france-etalons.com\/fr\/politique-de-confidentialite\/","title":{"rendered":"Politique de confidentialit\u00e9"},"content":{"rendered":"\n<div class=\"wp-block-group has-global-padding is-layout-constrained wp-block-group-is-layout-constrained\">\n<p>ARTICLE 1 :&nbsp;PR\u00c9AMBULE<br><br>La pr\u00e9sente politique de confidentialit\u00e9 a pour but d\u2019informer les utilisateurs du site&nbsp;:<br><br><br><br>\u2022 Sur la mani\u00e8re dont sont collect\u00e9es leurs donn\u00e9es personnelles. Sont consid\u00e9r\u00e9es comme des donn\u00e9es personnelles, toute information permettant d\u2019identifier un utilisateur. A ce titre, il peut s\u2019agir : de ses noms et pr\u00e9noms, de son \u00e2ge, de son adresse postale ou email, de sa localisation ou encore de son adresse IP (liste&nbsp;non-exhaustive);<br><br>\u2022 Sur les droits dont ils disposent concernant ces&nbsp;donn\u00e9es;<br><br>\u2022 Sur la personne responsable du traitement des donn\u00e9es \u00e0 caract\u00e8re personnel collect\u00e9es et&nbsp;trait\u00e9es;<br><br>\u2022 Sur les destinataires de ces donn\u00e9es&nbsp;personnelles;<br><br>\u2022 Sur la politique du site en mati\u00e8re de&nbsp;cookies.<br><br>Cette politique compl\u00e8te les mentions l\u00e9gales et les Conditions G\u00e9n\u00e9rales d\u2019Utilisation consultables par les utilisateurs \u00e0 l\u2019adresse suivante, en pied de page&nbsp;:<br><br>www.france-etalons.com<br><br><br><br>ARTICLE 2 : PRINCIPES RELATIFS \u00c0 LA COLLECTE ET AU TRAITEMENT DES DONN\u00c9ES&nbsp;PERSONNELLES<br><br>Conform\u00e9ment \u00e0 l\u2019article 5 du R\u00e8glement europ\u00e9en 2016\/679, les donn\u00e9es \u00e0 caract\u00e8re personnel sont&nbsp;:<br><br>\u2022 Trait\u00e9es de mani\u00e8re licite, loyale et transparente au regard de la personne&nbsp;concern\u00e9e;<br><br>\u2022 Collect\u00e9es pour des finalit\u00e9s d\u00e9termin\u00e9es (cf. Article 3.1 des pr\u00e9sentes), explicites et l\u00e9gitimes, et ne pas \u00eatre trait\u00e9es ult\u00e9rieurement d\u2019une mani\u00e8re incompatible avec ces&nbsp;finalit\u00e9s;<br><br>\u2022 Ad\u00e9quates, pertinentes et limit\u00e9es \u00e0 ce qui est n\u00e9cessaire au regard des finalit\u00e9s pour lesquelles elles sont&nbsp;trait\u00e9es;<br><br>\u2022 Exactes et, si n\u00e9cessaire, tenues \u00e0 jour. Toutes les mesures raisonnables doivent \u00eatre prises pour que les donn\u00e9es \u00e0 caract\u00e8re personnel qui sont inexactes, eu \u00e9gard aux finalit\u00e9s pour lesquelles elles sont trait\u00e9es, soient effac\u00e9es ou rectifi\u00e9es sans&nbsp;tarder;<br><br>\u2022 Conserv\u00e9es sous une forme permettant l\u2019identification des personnes concern\u00e9es pendant une dur\u00e9e n\u2019exc\u00e9dant pas celle n\u00e9cessaire au regard des finalit\u00e9s pour lesquelles elles sont&nbsp;trait\u00e9es;<br><br>\u2022 Trait\u00e9es de fa\u00e7on \u00e0 garantir une s\u00e9curit\u00e9 appropri\u00e9e des donn\u00e9es collect\u00e9es, y compris la protection contre le traitement non autoris\u00e9 ou illicite et contre la perte, la destruction ou les d\u00e9g\u00e2ts d\u2019origine accidentelle, \u00e0 l\u2019aide de mesures techniques ou organisationnelles&nbsp;appropri\u00e9es.<br><br><br><br>Le traitement n\u2019est licite que si, et dans la mesure o\u00f9, au moins une des conditions suivantes est remplie&nbsp;:<br><br>\u2022 La personne concern\u00e9e a consenti au traitement de ses donn\u00e9es \u00e0 caract\u00e8re personnel pour une ou plusieurs finalit\u00e9s&nbsp;sp\u00e9cifiques;<br><br>\u2022 Le traitement est n\u00e9cessaire \u00e0 l\u2019ex\u00e9cution d\u2019un contrat auquel la personne concern\u00e9e est partie ou \u00e0 l\u2019ex\u00e9cution de mesures pr\u00e9contractuelles prises \u00e0 la demande de&nbsp;celle-ci;<br><br>\u2022 Le traitement est n\u00e9cessaire au respect d\u2019une obligation l\u00e9gale \u00e0 laquelle le responsable du traitement est&nbsp;soumis;<br><br>\u2022 Le traitement est n\u00e9cessaire \u00e0 la sauvegarde des int\u00e9r\u00eats vitaux de la personne concern\u00e9e ou d\u2019une autre personne&nbsp;physique;<br><br>\u2022 Le traitement est n\u00e9cessaire \u00e0 l\u2019ex\u00e9cution d\u2019une mission d\u2019int\u00e9r\u00eat public ou relevant de l\u2019exercice de l\u2019autorit\u00e9 publique dont est investi le responsable du&nbsp;traitement;<br><br>\u2022 Le traitement est n\u00e9cessaire aux fins des int\u00e9r\u00eats l\u00e9gitimes poursuivis par le responsable du traitement ou par un tiers, \u00e0 moins que ne pr\u00e9valent les int\u00e9r\u00eats ou les libert\u00e9s et droits fondamentaux de la personne concern\u00e9e qui exigent une protection des donn\u00e9es \u00e0 caract\u00e8re personnel, notamment lorsque la personne concern\u00e9e est un&nbsp;enfant.<br><br><br><br>ARTICLE 3 : DONN\u00c9ES \u00c0 CARACT\u00c8RE PERSONNEL COLLECT\u00c9ES ET TRAIT\u00c9ES DANS LE CADRE DE LA NAVIGATION SUR LE&nbsp;SITE<br><br><br><br>Article 3.1 : Donn\u00e9es&nbsp;collect\u00e9es<br><br>Les donn\u00e9es personnelles collect\u00e9es dans le cadre de notre activit\u00e9 sont les suivantes&nbsp;:<br><br>\u00b7 les donn\u00e9es personnelles que vous fournissez lors de la cr\u00e9ation de votre compte membre telles que votre identit\u00e9, votre adresse email et votre mot de&nbsp;passe;<br><br>\u00b7 vos coordonn\u00e9es, notamment votre adresse pour la&nbsp;facturation;<br><br>\u00b7 les informations relatives \u00e0 vos commandes, telles que le choix de l\u2019\u00e9talon, le type de monte, le centre&nbsp;d\u2019ins\u00e9mination;<br><br>\u00b7 les informations relatives \u00e0 vos moyens de paiement lorsque vous passez commande sur notre&nbsp;Site;<br><br>\u00b7 les informations que vous pouvez \u00eatre amen\u00e9es \u00e0 communiquer aupr\u00e8s de notre&nbsp;Service;<br><br>\u00b7 relations clients dans le cadre de la gestion de vos demandes d\u2019information ou de vos&nbsp;r\u00e9clamations.<br><br>La collecte et le traitement de ces donn\u00e9es r\u00e9pond \u00e0 la (aux) finalit\u00e9(s) suivante(s)&nbsp;:<br><br>Gestion de contrats, gestion de la facturation, gestion de l\u2019espace client, gestion de vos envois de semence, envoi de newsletter et&nbsp;catalogues.<br><br><br><br>Article 3.2 : Mode de collecte des&nbsp;donn\u00e9es<br><br>Lorsque vous utilisez notre site, sont automatiquement collect\u00e9es les donn\u00e9es suivantes&nbsp;:<br>&nbsp;\u2014 Votre adresse IP et ainsi votre&nbsp;localisation;<br>&nbsp;\u2014 La configuration de votre appareil : qu\u2019il s\u2019agisse d\u2019un ordinateur ou d\u2019un t\u00e9l\u00e9phone portable, permettant ainsi \u00e0 notre Site d\u2019adapter son affichage \u00e0 votre&nbsp;\u00e9cran.<br><br><br><br>France Etalons a d\u00e9fini des dur\u00e9es des r\u00e9tentions de vos donn\u00e9es personnelles en accord avec ses obligations l\u00e9gales et les recommandations de la Commission Nationale Informatique et&nbsp;Libert\u00e9s.<br><br>La soci\u00e9t\u00e9 est susceptible de conserver certaines donn\u00e9es \u00e0 caract\u00e8re personnel au-del\u00e0 des d\u00e9lais annonc\u00e9s ci-dessus afin de remplir ses obligations l\u00e9gales ou&nbsp;r\u00e9glementaires.<br><br><br><br>Article 3.3 : H\u00e9bergement des&nbsp;donn\u00e9es<br><br>Le site www.france-etalons.com est h\u00e9berg\u00e9 par&nbsp;:<br><br>EquiD\u00e9clic<br><br>Situ\u00e9 au 60 Rue de l\u2019Ormelet, 14790&nbsp;MOUEN<br><br>Joignable au +33 (0)2 31 85 59&nbsp;61<br><br><br><br>Article 3.4 : Transmission des donn\u00e9es \u00e0 des&nbsp;tiers<br><br>Les donn\u00e9es peuvent \u00eatre transmises \u00e0 notre partenaire, ci-apr\u00e8s \u00e9num\u00e9r\u00e9&nbsp;:<br>&nbsp;\u2014 Groomy<br><br><br><br>R\u00e9alis\u00e9 et h\u00e9berg\u00e9 par&nbsp;EquiD\u00e9clic,<br><br>Situ\u00e9 au 60 Rue de l\u2019Ormelet, 14790&nbsp;MOUEN<br><br>Joignable au +33 (0)2 31 85 59&nbsp;61<br><br><br><br>A noter, lorsque vous effectuez un r\u00e8glement sur Groomy, vos coordonn\u00e9es bancaires ne transitent pas en clair sur le serveur www.my.groomy-app.com. Les paiements sont r\u00e9alis\u00e9s via une plateforme de paiement s\u00e9curis\u00e9e, conforme \u00e0 la norme PCI-DSS, et compl\u00e9t\u00e9e par des mesures de contr\u00f4le, afin de garantir la s\u00e9curit\u00e9 des achats effectu\u00e9s sur www.my.groomy-app.com et de lutter contre la&nbsp;fraude.<br><br>Les coordonn\u00e9es de votre carte bancaire communiqu\u00e9es lors de votre commande ne transitent jamais en clair sur le r\u00e9seau : elles sont chiffr\u00e9es gr\u00e2ce au protocole TLS (Transport Layer&nbsp;Security).<br><br><br><br>ARTICLE 4 : RESPONSABLE DU TRAITEMENT DES DONN\u00c9ES ET D\u00c9L\u00c9GU\u00c9 \u00c0 LA PROTECTION DES&nbsp;DONN\u00c9ES<br><br><br><br>Article 4.1 : Le responsable du traitement des&nbsp;donn\u00e9es<br><br>Les donn\u00e9es \u00e0 caract\u00e8re personnel sont collect\u00e9es par France Etalons, SARL au capital de 1 000 \u20ac dont le num\u00e9ro d\u2019immatriculation est le 809 322&nbsp;399.<br><br>Le responsable du traitement des donn\u00e9es \u00e0 caract\u00e8re personnel peut \u00eatre contact\u00e9 de la mani\u00e8re suivante&nbsp;:<br><br>Par courrier \u00e0 l\u2019adresse : 12 Rue Du Moulin, 08250&nbsp;GRANDPRE;<br><br>Par t\u00e9l\u00e9phone, au +33 (0)3 52 62 66&nbsp;16;<br><br>Par mail :&nbsp;info@france-etalons.com.<br><br><br><br>Article 4.2 : Le d\u00e9l\u00e9gu\u00e9 \u00e0 la protection des&nbsp;donn\u00e9es<br><br><br><br>Le d\u00e9l\u00e9gu\u00e9 \u00e0 la protection des donn\u00e9es de l\u2019entreprise ou du responsable est : Maxime&nbsp;Denis.<br><br><br><br>Le d\u00e9l\u00e9gu\u00e9 \u00e0 la protection des donn\u00e9es peut \u00eatre joint par mail \u00e0 l\u2019adresse suivante&nbsp;:<br><br>info@france-etalons.com.<br><br><br><br>Si vous estimez, apr\u00e8s nous avoir contact\u00e9s, que vos droits \u201cInformatique et Libert\u00e9s\u201d, ne sont pas respect\u00e9s, vous pouvez adresser une information \u00e0 la CNIL (Commission Nationale de l\u2019Informatique et des Libert\u00e9s,&nbsp;https:\/\/www.cnil.fr).<br><br><br><br>ARTICLE 5 : LES DROITS DE L\u2019UTILISATEUR EN MATI\u00c8RE DE COLLECTE ET DE TRAITEMENT DES&nbsp;DONN\u00c9ES<br><br>Tout utilisateur concern\u00e9 par le traitement de ses donn\u00e9es personnelles peut se pr\u00e9valoir des droits suivants, en application du r\u00e8glement europ\u00e9en 2016\/679 et de la Loi Informatique et Libert\u00e9 (Loi 78\u201317 du 6 janvier 1978)&nbsp;:<br><br>\u2022 Droit d\u2019acc\u00e8s, de rectification et droit \u00e0 l\u2019effacement des donn\u00e9es (pos\u00e9s respectivement aux articles 15, 16 et 17 du&nbsp;RGPD);<br><br><br><br>\u2022 Droit \u00e0 la portabilit\u00e9 des donn\u00e9es (article 20 du&nbsp;RGPD);<br><br><br><br>\u2022 Droit \u00e0 la limitation (article 18 du RGPD) et \u00e0 l\u2019opposition du traitement des donn\u00e9es (article 21 du&nbsp;RGPD);<br><br><br><br>\u2022 Droit de ne pas faire l\u2019objet d\u2019une d\u00e9cision fond\u00e9e exclusivement sur un proc\u00e9d\u00e9&nbsp;automatis\u00e9;<br><br><br><br>\u2022 Droit de d\u00e9terminer le sort des donn\u00e9es apr\u00e8s la&nbsp;mort;<br><br><br><br>\u2022 Droit de saisir l\u2019autorit\u00e9 de contr\u00f4le comp\u00e9tente (article 77 du&nbsp;RGPD).<br><br>Pour exercer vos droits, veuillez adresser votre courrier \u00e0 : France Etalons&nbsp;\u2014 12 Rue Du Moulin, 08250 GRANDPRE, ou par mail \u00e0 :&nbsp;info@france-etalons.com.<br><br>Afin que le responsable du traitement des donn\u00e9es puisse faire droit \u00e0 sa demande, l\u2019utilisateur peut \u00eatre tenu de lui communiquer certaines informations telles que : ses noms et pr\u00e9noms, son adresse e-mail ainsi que son num\u00e9ro de compte, d\u2019espace personnel ou&nbsp;d\u2019abonn\u00e9.<br><br>Consultez le site cnil.fr pour plus d\u2019informations sur vos&nbsp;droits.<br><br><br><br>ARTICLE 6 : CONDITIONS DE MODIFICATION DE LA POLITIQUE DE&nbsp;CONFIDENTIALIT\u00c9<br><br><br><br>L\u2019\u00e9diteur du site France Etalons se r\u00e9serve le droit de pouvoir modifier la pr\u00e9sente Politique \u00e0 tout moment afin d\u2019assurer aux utilisateurs du site sa conformit\u00e9 avec le droit en&nbsp;vigueur.<br><br>Les \u00e9ventuelles modifications ne sauraient avoir d\u2019incidence sur les achats ant\u00e9rieurement effectu\u00e9s sur le site, lesquels restent soumis \u00e0 la Politique en vigueur au moment de l\u2019achat et telle qu\u2019accept\u00e9e par l\u2019utilisateur lors de la validation de&nbsp;l\u2019achat.<br><br>L\u2019utilisateur est invit\u00e9 \u00e0 prendre connaissance de cette Politique \u00e0 chaque fois qu\u2019il utilise nos services, sans qu\u2019il soit n\u00e9cessaire de l\u2019en pr\u00e9venir&nbsp;formellement.<br><br>La pr\u00e9sente politique, \u00e9dit\u00e9e le 17\/01\/2024, a \u00e9t\u00e9 mise \u00e0 jour le&nbsp;17\/01\/2024.<\/p>\n<\/div>\n","protected":false},"excerpt":{"rendered":"<p>ARTICLE 1 :&nbsp;PR\u00c9AMBULE La pr\u00e9sente politique de confidentialit\u00e9 a pour but d\u2019informer les utilisateurs du site&nbsp;: \u2022 Sur la mani\u00e8re dont sont collect\u00e9es leurs donn\u00e9es personnelles. Sont consid\u00e9r\u00e9es comme des donn\u00e9es personnelles, toute information permettant d\u2019identifier un utilisateur. A ce titre, il peut s\u2019agir : de ses noms et pr\u00e9noms, de son \u00e2ge, de son [&hellip;]<\/p>\n","protected":false},"author":1,"featured_media":166,"parent":0,"menu_order":8,"comment_status":"closed","ping_status":"closed","template":"","meta":{"_acf_changed":false,"inline_featured_image":false,"footnotes":""},"class_list":["post-3","page","type-page","status-publish","has-post-thumbnail","hentry"],"acf":[],"yoast_head":"<!-- This site is optimized with the Yoast SEO plugin v27.3 - https:\/\/yoast.com\/product\/yoast-seo-wordpress\/ -->\n<title>Politique de confidentialit\u00e9 - France \u00c9talons<\/title>\n<meta name=\"robots\" content=\"index, follow, max-snippet:-1, max-image-preview:large, max-video-preview:-1\" \/>\n<link rel=\"canonical\" href=\"https:\/\/www.france-etalons.com\/fr\/politique-de-confidentialite\/\" \/>\n<meta property=\"og:locale\" content=\"fr_FR\" \/>\n<meta property=\"og:type\" content=\"article\" \/>\n<meta property=\"og:title\" content=\"Politique de confidentialit\u00e9 - France \u00c9talons\" \/>\n<meta property=\"og:description\" content=\"ARTICLE 1 :&nbsp;PR\u00c9AMBULE La pr\u00e9sente politique de confidentialit\u00e9 a pour but d\u2019informer les utilisateurs du site&nbsp;: \u2022 Sur la mani\u00e8re dont sont collect\u00e9es leurs donn\u00e9es personnelles. Sont consid\u00e9r\u00e9es comme des donn\u00e9es personnelles, toute information permettant d\u2019identifier un utilisateur. A ce titre, il peut s\u2019agir : de ses noms et pr\u00e9noms, de son \u00e2ge, de son [&hellip;]\" \/>\n<meta property=\"og:url\" content=\"https:\/\/www.france-etalons.com\/fr\/politique-de-confidentialite\/\" \/>\n<meta property=\"og:site_name\" content=\"France \u00c9talons\" \/>\n<meta property=\"article:modified_time\" content=\"2024-01-18T16:00:07+00:00\" \/>\n<meta name=\"twitter:card\" content=\"summary_large_image\" \/>\n<script type=\"application\/ld+json\" class=\"yoast-schema-graph\">{\"@context\":\"https:\\\/\\\/schema.org\",\"@graph\":[{\"@type\":\"WebPage\",\"@id\":\"https:\\\/\\\/www.france-etalons.com\\\/fr\\\/politique-de-confidentialite\\\/\",\"url\":\"https:\\\/\\\/www.france-etalons.com\\\/fr\\\/politique-de-confidentialite\\\/\",\"name\":\"Politique de confidentialit\u00e9 - France \u00c9talons\",\"isPartOf\":{\"@id\":\"https:\\\/\\\/www.france-etalons.com\\\/fr\\\/#website\"},\"primaryImageOfPage\":{\"@id\":\"https:\\\/\\\/www.france-etalons.com\\\/fr\\\/politique-de-confidentialite\\\/#primaryimage\"},\"image\":{\"@id\":\"https:\\\/\\\/www.france-etalons.com\\\/fr\\\/politique-de-confidentialite\\\/#primaryimage\"},\"thumbnailUrl\":\"https:\\\/\\\/www.france-etalons.com\\\/wp-content\\\/uploads\\\/2023\\\/12\\\/placeholder.jpg\",\"datePublished\":\"2023-11-29T15:24:57+00:00\",\"dateModified\":\"2024-01-18T16:00:07+00:00\",\"breadcrumb\":{\"@id\":\"https:\\\/\\\/www.france-etalons.com\\\/fr\\\/politique-de-confidentialite\\\/#breadcrumb\"},\"inLanguage\":\"fr-FR\",\"potentialAction\":[{\"@type\":\"ReadAction\",\"target\":[\"https:\\\/\\\/www.france-etalons.com\\\/fr\\\/politique-de-confidentialite\\\/\"]}]},{\"@type\":\"ImageObject\",\"inLanguage\":\"fr-FR\",\"@id\":\"https:\\\/\\\/www.france-etalons.com\\\/fr\\\/politique-de-confidentialite\\\/#primaryimage\",\"url\":\"https:\\\/\\\/www.france-etalons.com\\\/wp-content\\\/uploads\\\/2023\\\/12\\\/placeholder.jpg\",\"contentUrl\":\"https:\\\/\\\/www.france-etalons.com\\\/wp-content\\\/uploads\\\/2023\\\/12\\\/placeholder.jpg\",\"width\":768,\"height\":768},{\"@type\":\"BreadcrumbList\",\"@id\":\"https:\\\/\\\/www.france-etalons.com\\\/fr\\\/politique-de-confidentialite\\\/#breadcrumb\",\"itemListElement\":[{\"@type\":\"ListItem\",\"position\":1,\"name\":\"Accueil\",\"item\":\"https:\\\/\\\/www.france-etalons.com\\\/fr\\\/\"},{\"@type\":\"ListItem\",\"position\":2,\"name\":\"Politique de confidentialit\u00e9\"}]},{\"@type\":\"WebSite\",\"@id\":\"https:\\\/\\\/www.france-etalons.com\\\/fr\\\/#website\",\"url\":\"https:\\\/\\\/www.france-etalons.com\\\/fr\\\/\",\"name\":\"France \u00c9talons\",\"description\":\"\",\"publisher\":{\"@id\":\"https:\\\/\\\/www.france-etalons.com\\\/fr\\\/#organization\"},\"potentialAction\":[{\"@type\":\"SearchAction\",\"target\":{\"@type\":\"EntryPoint\",\"urlTemplate\":\"https:\\\/\\\/www.france-etalons.com\\\/fr\\\/?s={search_term_string}\"},\"query-input\":{\"@type\":\"PropertyValueSpecification\",\"valueRequired\":true,\"valueName\":\"search_term_string\"}}],\"inLanguage\":\"fr-FR\"},{\"@type\":\"Organization\",\"@id\":\"https:\\\/\\\/www.france-etalons.com\\\/fr\\\/#organization\",\"name\":\"France \u00c9talons\",\"url\":\"https:\\\/\\\/www.france-etalons.com\\\/fr\\\/\",\"logo\":{\"@type\":\"ImageObject\",\"inLanguage\":\"fr-FR\",\"@id\":\"https:\\\/\\\/www.france-etalons.com\\\/fr\\\/#\\\/schema\\\/logo\\\/image\\\/\",\"url\":\"https:\\\/\\\/www.france-etalons.com\\\/wp-content\\\/uploads\\\/2023\\\/12\\\/logo_france_etalon.svg\",\"contentUrl\":\"https:\\\/\\\/www.france-etalons.com\\\/wp-content\\\/uploads\\\/2023\\\/12\\\/logo_france_etalon.svg\",\"width\":94,\"height\":64,\"caption\":\"France \u00c9talons\"},\"image\":{\"@id\":\"https:\\\/\\\/www.france-etalons.com\\\/fr\\\/#\\\/schema\\\/logo\\\/image\\\/\"}}]}<\/script>\n<!-- \/ Yoast SEO plugin. -->","yoast_head_json":{"title":"Politique de confidentialit\u00e9 - France \u00c9talons","robots":{"index":"index","follow":"follow","max-snippet":"max-snippet:-1","max-image-preview":"max-image-preview:large","max-video-preview":"max-video-preview:-1"},"canonical":"https:\/\/www.france-etalons.com\/fr\/politique-de-confidentialite\/","og_locale":"fr_FR","og_type":"article","og_title":"Politique de confidentialit\u00e9 - France \u00c9talons","og_description":"ARTICLE 1 :&nbsp;PR\u00c9AMBULE La pr\u00e9sente politique de confidentialit\u00e9 a pour but d\u2019informer les utilisateurs du site&nbsp;: \u2022 Sur la mani\u00e8re dont sont collect\u00e9es leurs donn\u00e9es personnelles. Sont consid\u00e9r\u00e9es comme des donn\u00e9es personnelles, toute information permettant d\u2019identifier un utilisateur. A ce titre, il peut s\u2019agir : de ses noms et pr\u00e9noms, de son \u00e2ge, de son [&hellip;]","og_url":"https:\/\/www.france-etalons.com\/fr\/politique-de-confidentialite\/","og_site_name":"France \u00c9talons","article_modified_time":"2024-01-18T16:00:07+00:00","twitter_card":"summary_large_image","schema":{"@context":"https:\/\/schema.org","@graph":[{"@type":"WebPage","@id":"https:\/\/www.france-etalons.com\/fr\/politique-de-confidentialite\/","url":"https:\/\/www.france-etalons.com\/fr\/politique-de-confidentialite\/","name":"Politique de confidentialit\u00e9 - France \u00c9talons","isPartOf":{"@id":"https:\/\/www.france-etalons.com\/fr\/#website"},"primaryImageOfPage":{"@id":"https:\/\/www.france-etalons.com\/fr\/politique-de-confidentialite\/#primaryimage"},"image":{"@id":"https:\/\/www.france-etalons.com\/fr\/politique-de-confidentialite\/#primaryimage"},"thumbnailUrl":"https:\/\/www.france-etalons.com\/wp-content\/uploads\/2023\/12\/placeholder.jpg","datePublished":"2023-11-29T15:24:57+00:00","dateModified":"2024-01-18T16:00:07+00:00","breadcrumb":{"@id":"https:\/\/www.france-etalons.com\/fr\/politique-de-confidentialite\/#breadcrumb"},"inLanguage":"fr-FR","potentialAction":[{"@type":"ReadAction","target":["https:\/\/www.france-etalons.com\/fr\/politique-de-confidentialite\/"]}]},{"@type":"ImageObject","inLanguage":"fr-FR","@id":"https:\/\/www.france-etalons.com\/fr\/politique-de-confidentialite\/#primaryimage","url":"https:\/\/www.france-etalons.com\/wp-content\/uploads\/2023\/12\/placeholder.jpg","contentUrl":"https:\/\/www.france-etalons.com\/wp-content\/uploads\/2023\/12\/placeholder.jpg","width":768,"height":768},{"@type":"BreadcrumbList","@id":"https:\/\/www.france-etalons.com\/fr\/politique-de-confidentialite\/#breadcrumb","itemListElement":[{"@type":"ListItem","position":1,"name":"Accueil","item":"https:\/\/www.france-etalons.com\/fr\/"},{"@type":"ListItem","position":2,"name":"Politique de confidentialit\u00e9"}]},{"@type":"WebSite","@id":"https:\/\/www.france-etalons.com\/fr\/#website","url":"https:\/\/www.france-etalons.com\/fr\/","name":"France \u00c9talons","description":"","publisher":{"@id":"https:\/\/www.france-etalons.com\/fr\/#organization"},"potentialAction":[{"@type":"SearchAction","target":{"@type":"EntryPoint","urlTemplate":"https:\/\/www.france-etalons.com\/fr\/?s={search_term_string}"},"query-input":{"@type":"PropertyValueSpecification","valueRequired":true,"valueName":"search_term_string"}}],"inLanguage":"fr-FR"},{"@type":"Organization","@id":"https:\/\/www.france-etalons.com\/fr\/#organization","name":"France \u00c9talons","url":"https:\/\/www.france-etalons.com\/fr\/","logo":{"@type":"ImageObject","inLanguage":"fr-FR","@id":"https:\/\/www.france-etalons.com\/fr\/#\/schema\/logo\/image\/","url":"https:\/\/www.france-etalons.com\/wp-content\/uploads\/2023\/12\/logo_france_etalon.svg","contentUrl":"https:\/\/www.france-etalons.com\/wp-content\/uploads\/2023\/12\/logo_france_etalon.svg","width":94,"height":64,"caption":"France \u00c9talons"},"image":{"@id":"https:\/\/www.france-etalons.com\/fr\/#\/schema\/logo\/image\/"}}]}},"_links":{"self":[{"href":"https:\/\/www.france-etalons.com\/fr\/wp-json\/wp\/v2\/pages\/3","targetHints":{"allow":["GET"]}}],"collection":[{"href":"https:\/\/www.france-etalons.com\/fr\/wp-json\/wp\/v2\/pages"}],"about":[{"href":"https:\/\/www.france-etalons.com\/fr\/wp-json\/wp\/v2\/types\/page"}],"author":[{"embeddable":true,"href":"https:\/\/www.france-etalons.com\/fr\/wp-json\/wp\/v2\/users\/1"}],"replies":[{"embeddable":true,"href":"https:\/\/www.france-etalons.com\/fr\/wp-json\/wp\/v2\/comments?post=3"}],"version-history":[{"count":0,"href":"https:\/\/www.france-etalons.com\/fr\/wp-json\/wp\/v2\/pages\/3\/revisions"}],"wp:featuredmedia":[{"embeddable":true,"href":"https:\/\/www.france-etalons.com\/fr\/wp-json\/wp\/v2\/media\/166"}],"wp:attachment":[{"href":"https:\/\/www.france-etalons.com\/fr\/wp-json\/wp\/v2\/media?parent=3"}],"curies":[{"name":"wp","href":"https:\/\/api.w.org\/{rel}","templated":true}]}}