{"id":1995,"date":"2024-01-18T17:02:49","date_gmt":"2024-01-18T16:02:49","guid":{"rendered":"http:\/\/france-etalon.a.equideclic.com.local:8888\/?page_id=1995"},"modified":"2024-01-18T17:02:56","modified_gmt":"2024-01-18T16:02:56","slug":"mentions-legales","status":"publish","type":"page","link":"https:\/\/www.france-etalons.com\/fr\/mentions-legales\/","title":{"rendered":"Mentions l\u00e9gales"},"content":{"rendered":"\n<div class=\"wp-block-group has-global-padding is-layout-constrained wp-block-group-is-layout-constrained\">\n<p>Pr\u00e9ambule<br><br>La connexion et la navigation sur le Site France Etalons par l\u2019Utilisateur implique l\u2019acceptation int\u00e9grale et sans r\u00e9serve des pr\u00e9sentes mentions&nbsp;l\u00e9gales.<br><br><br><br>Article 1&nbsp;\u2014&nbsp;\u00c9diteurs<br><br>Michel GUIOT&nbsp;\u2014 Denis&nbsp;HUBERT<br><br>France Etalons<br><br>Soci\u00e9t\u00e9 au capital de 1 000&nbsp;euros<br><br>SIRET : 809 322 399&nbsp;00019<br><br>Num\u00e9ro de TVA :&nbsp;FR76809322399<br><br>Code NAF :&nbsp;0162Z<br><br>Si\u00e8ge social : 12 Rue du Moulin&nbsp;\u2014 Termes, 08250&nbsp;GRANDPRE<br><br><br><br>Article 2&nbsp;\u2014&nbsp;H\u00e9bergeur<br><br>Le Site est h\u00e9berg\u00e9 par la soci\u00e9t\u00e9&nbsp;EquiD\u00e9clic<br><br>Adresse : 60 Rue de l\u2019Ormelet, 14790&nbsp;MOUEN<br><br><br><br>Article 3&nbsp;\u2014&nbsp;Conception<br><br>Le Site a \u00e9t\u00e9 con\u00e7u et d\u00e9velopp\u00e9 par la soci\u00e9t\u00e9&nbsp;EquiD\u00e9clic<br><br>SIRET : 490 377 058&nbsp;00048<br><br>Code NAF :&nbsp;6201Z<br><br>Si\u00e8ge social : 60 Rue de l\u2019Ormelet, 14790&nbsp;MOUEN<br><br><br><br>Article 4&nbsp;\u2014 Acc\u00e8s au&nbsp;Site<br><br>Le Site est accessible en tout endroit, 7j\/j, 24h\/24 sauf cas de force majeure, interruption programm\u00e9e ou non et pouvant d\u00e9couler d\u2019une n\u00e9cessit\u00e9 de&nbsp;maintenance.<br><br>En cas de modification, interruption ou suspension du Site, l\u2019Editeur ne saurait \u00eatre tenu&nbsp;responsable.<br><br><br><br>Article 5&nbsp;\u2014 Droit&nbsp;d\u2019auteur<br><br>Tous les textes, commentaires, photographies, logiciels, illustrations et images fixes ou anim\u00e9es reproduits ou mis \u00e0 disposition sur ce site sont prot\u00e9g\u00e9s par le droit d\u2019auteur, et ce dans le monde entier. Toutes les photographies utilis\u00e9es sur notre Site ont \u00e9t\u00e9 r\u00e9alis\u00e9es par : Dirk Caremans, Agence Ecary, Persburo Melissen, Pferdefotografie, Lafrentz, Janne Bugtrup, Reuters, PSV, Les Garennes, Simon Concept, Cyrielle, Temmerman, Hinners Sophie, Studforlife, Tiffany VAN HALL, Peter VAN DEN BULCK et Pixel&nbsp;Events.<br><br><br><br>Toute utilisation, reproduction, diffusion, commercialisation, modification de toute ou partie du Site, sans autorisation de l\u2019Editeur est prohib\u00e9e et pourra entrain\u00e9e des actions et poursuites judiciaires telles que notamment pr\u00e9vues par le Code de la propri\u00e9t\u00e9 intellectuelle et le Code&nbsp;civil.<\/p>\n\n\n\n<div style=\"height:100px\" aria-hidden=\"true\" class=\"wp-block-spacer\"><\/div>\n<\/div>\n","protected":false},"excerpt":{"rendered":"<p>Pr\u00e9ambule La connexion et la navigation sur le Site France Etalons par l\u2019Utilisateur implique l\u2019acceptation int\u00e9grale et sans r\u00e9serve des pr\u00e9sentes mentions&nbsp;l\u00e9gales. Article 1&nbsp;\u2014&nbsp;\u00c9diteurs Michel GUIOT&nbsp;\u2014 Denis&nbsp;HUBERT France Etalons Soci\u00e9t\u00e9 au capital de 1 000&nbsp;euros SIRET : 809 322 399&nbsp;00019 Num\u00e9ro de TVA :&nbsp;FR76809322399 Code NAF :&nbsp;0162Z Si\u00e8ge social : 12 Rue du Moulin&nbsp;\u2014 Termes, [&hellip;]<\/p>\n","protected":false},"author":1,"featured_media":166,"parent":0,"menu_order":0,"comment_status":"closed","ping_status":"closed","template":"","meta":{"_acf_changed":false,"inline_featured_image":false,"footnotes":""},"class_list":["post-1995","page","type-page","status-publish","has-post-thumbnail","hentry"],"acf":[],"yoast_head":"<!-- This site is optimized with the Yoast SEO plugin v27.3 - https:\/\/yoast.com\/product\/yoast-seo-wordpress\/ -->\n<title>Mentions l\u00e9gales - France \u00c9talons<\/title>\n<meta name=\"robots\" content=\"index, follow, max-snippet:-1, max-image-preview:large, max-video-preview:-1\" \/>\n<link rel=\"canonical\" href=\"https:\/\/www.france-etalons.com\/fr\/mentions-legales\/\" \/>\n<meta property=\"og:locale\" content=\"fr_FR\" \/>\n<meta property=\"og:type\" content=\"article\" \/>\n<meta property=\"og:title\" content=\"Mentions l\u00e9gales - France \u00c9talons\" \/>\n<meta property=\"og:description\" content=\"Pr\u00e9ambule La connexion et la navigation sur le Site France Etalons par l\u2019Utilisateur implique l\u2019acceptation int\u00e9grale et sans r\u00e9serve des pr\u00e9sentes mentions&nbsp;l\u00e9gales. Article 1&nbsp;\u2014&nbsp;\u00c9diteurs Michel GUIOT&nbsp;\u2014 Denis&nbsp;HUBERT France Etalons Soci\u00e9t\u00e9 au capital de 1 000&nbsp;euros SIRET : 809 322 399&nbsp;00019 Num\u00e9ro de TVA :&nbsp;FR76809322399 Code NAF :&nbsp;0162Z Si\u00e8ge social : 12 Rue du Moulin&nbsp;\u2014 Termes, [&hellip;]\" \/>\n<meta property=\"og:url\" content=\"https:\/\/www.france-etalons.com\/fr\/mentions-legales\/\" \/>\n<meta property=\"og:site_name\" content=\"France \u00c9talons\" \/>\n<meta property=\"article:modified_time\" content=\"2024-01-18T16:02:56+00:00\" \/>\n<meta name=\"twitter:card\" content=\"summary_large_image\" \/>\n<script type=\"application\/ld+json\" class=\"yoast-schema-graph\">{\"@context\":\"https:\\\/\\\/schema.org\",\"@graph\":[{\"@type\":\"WebPage\",\"@id\":\"https:\\\/\\\/www.france-etalons.com\\\/fr\\\/mentions-legales\\\/\",\"url\":\"https:\\\/\\\/www.france-etalons.com\\\/fr\\\/mentions-legales\\\/\",\"name\":\"Mentions l\u00e9gales - France \u00c9talons\",\"isPartOf\":{\"@id\":\"https:\\\/\\\/www.france-etalons.com\\\/fr\\\/#website\"},\"primaryImageOfPage\":{\"@id\":\"https:\\\/\\\/www.france-etalons.com\\\/fr\\\/mentions-legales\\\/#primaryimage\"},\"image\":{\"@id\":\"https:\\\/\\\/www.france-etalons.com\\\/fr\\\/mentions-legales\\\/#primaryimage\"},\"thumbnailUrl\":\"https:\\\/\\\/www.france-etalons.com\\\/wp-content\\\/uploads\\\/2023\\\/12\\\/placeholder.jpg\",\"datePublished\":\"2024-01-18T16:02:49+00:00\",\"dateModified\":\"2024-01-18T16:02:56+00:00\",\"breadcrumb\":{\"@id\":\"https:\\\/\\\/www.france-etalons.com\\\/fr\\\/mentions-legales\\\/#breadcrumb\"},\"inLanguage\":\"fr-FR\",\"potentialAction\":[{\"@type\":\"ReadAction\",\"target\":[\"https:\\\/\\\/www.france-etalons.com\\\/fr\\\/mentions-legales\\\/\"]}]},{\"@type\":\"ImageObject\",\"inLanguage\":\"fr-FR\",\"@id\":\"https:\\\/\\\/www.france-etalons.com\\\/fr\\\/mentions-legales\\\/#primaryimage\",\"url\":\"https:\\\/\\\/www.france-etalons.com\\\/wp-content\\\/uploads\\\/2023\\\/12\\\/placeholder.jpg\",\"contentUrl\":\"https:\\\/\\\/www.france-etalons.com\\\/wp-content\\\/uploads\\\/2023\\\/12\\\/placeholder.jpg\",\"width\":768,\"height\":768},{\"@type\":\"BreadcrumbList\",\"@id\":\"https:\\\/\\\/www.france-etalons.com\\\/fr\\\/mentions-legales\\\/#breadcrumb\",\"itemListElement\":[{\"@type\":\"ListItem\",\"position\":1,\"name\":\"Accueil\",\"item\":\"https:\\\/\\\/www.france-etalons.com\\\/fr\\\/\"},{\"@type\":\"ListItem\",\"position\":2,\"name\":\"Mentions l\u00e9gales\"}]},{\"@type\":\"WebSite\",\"@id\":\"https:\\\/\\\/www.france-etalons.com\\\/fr\\\/#website\",\"url\":\"https:\\\/\\\/www.france-etalons.com\\\/fr\\\/\",\"name\":\"France \u00c9talons\",\"description\":\"\",\"publisher\":{\"@id\":\"https:\\\/\\\/www.france-etalons.com\\\/fr\\\/#organization\"},\"potentialAction\":[{\"@type\":\"SearchAction\",\"target\":{\"@type\":\"EntryPoint\",\"urlTemplate\":\"https:\\\/\\\/www.france-etalons.com\\\/fr\\\/?s={search_term_string}\"},\"query-input\":{\"@type\":\"PropertyValueSpecification\",\"valueRequired\":true,\"valueName\":\"search_term_string\"}}],\"inLanguage\":\"fr-FR\"},{\"@type\":\"Organization\",\"@id\":\"https:\\\/\\\/www.france-etalons.com\\\/fr\\\/#organization\",\"name\":\"France \u00c9talons\",\"url\":\"https:\\\/\\\/www.france-etalons.com\\\/fr\\\/\",\"logo\":{\"@type\":\"ImageObject\",\"inLanguage\":\"fr-FR\",\"@id\":\"https:\\\/\\\/www.france-etalons.com\\\/fr\\\/#\\\/schema\\\/logo\\\/image\\\/\",\"url\":\"https:\\\/\\\/www.france-etalons.com\\\/wp-content\\\/uploads\\\/2023\\\/12\\\/logo_france_etalon.svg\",\"contentUrl\":\"https:\\\/\\\/www.france-etalons.com\\\/wp-content\\\/uploads\\\/2023\\\/12\\\/logo_france_etalon.svg\",\"width\":94,\"height\":64,\"caption\":\"France \u00c9talons\"},\"image\":{\"@id\":\"https:\\\/\\\/www.france-etalons.com\\\/fr\\\/#\\\/schema\\\/logo\\\/image\\\/\"}}]}<\/script>\n<!-- \/ Yoast SEO plugin. -->","yoast_head_json":{"title":"Mentions l\u00e9gales - France \u00c9talons","robots":{"index":"index","follow":"follow","max-snippet":"max-snippet:-1","max-image-preview":"max-image-preview:large","max-video-preview":"max-video-preview:-1"},"canonical":"https:\/\/www.france-etalons.com\/fr\/mentions-legales\/","og_locale":"fr_FR","og_type":"article","og_title":"Mentions l\u00e9gales - France \u00c9talons","og_description":"Pr\u00e9ambule La connexion et la navigation sur le Site France Etalons par l\u2019Utilisateur implique l\u2019acceptation int\u00e9grale et sans r\u00e9serve des pr\u00e9sentes mentions&nbsp;l\u00e9gales. Article 1&nbsp;\u2014&nbsp;\u00c9diteurs Michel GUIOT&nbsp;\u2014 Denis&nbsp;HUBERT France Etalons Soci\u00e9t\u00e9 au capital de 1 000&nbsp;euros SIRET : 809 322 399&nbsp;00019 Num\u00e9ro de TVA :&nbsp;FR76809322399 Code NAF :&nbsp;0162Z Si\u00e8ge social : 12 Rue du Moulin&nbsp;\u2014 Termes, [&hellip;]","og_url":"https:\/\/www.france-etalons.com\/fr\/mentions-legales\/","og_site_name":"France \u00c9talons","article_modified_time":"2024-01-18T16:02:56+00:00","twitter_card":"summary_large_image","schema":{"@context":"https:\/\/schema.org","@graph":[{"@type":"WebPage","@id":"https:\/\/www.france-etalons.com\/fr\/mentions-legales\/","url":"https:\/\/www.france-etalons.com\/fr\/mentions-legales\/","name":"Mentions l\u00e9gales - France \u00c9talons","isPartOf":{"@id":"https:\/\/www.france-etalons.com\/fr\/#website"},"primaryImageOfPage":{"@id":"https:\/\/www.france-etalons.com\/fr\/mentions-legales\/#primaryimage"},"image":{"@id":"https:\/\/www.france-etalons.com\/fr\/mentions-legales\/#primaryimage"},"thumbnailUrl":"https:\/\/www.france-etalons.com\/wp-content\/uploads\/2023\/12\/placeholder.jpg","datePublished":"2024-01-18T16:02:49+00:00","dateModified":"2024-01-18T16:02:56+00:00","breadcrumb":{"@id":"https:\/\/www.france-etalons.com\/fr\/mentions-legales\/#breadcrumb"},"inLanguage":"fr-FR","potentialAction":[{"@type":"ReadAction","target":["https:\/\/www.france-etalons.com\/fr\/mentions-legales\/"]}]},{"@type":"ImageObject","inLanguage":"fr-FR","@id":"https:\/\/www.france-etalons.com\/fr\/mentions-legales\/#primaryimage","url":"https:\/\/www.france-etalons.com\/wp-content\/uploads\/2023\/12\/placeholder.jpg","contentUrl":"https:\/\/www.france-etalons.com\/wp-content\/uploads\/2023\/12\/placeholder.jpg","width":768,"height":768},{"@type":"BreadcrumbList","@id":"https:\/\/www.france-etalons.com\/fr\/mentions-legales\/#breadcrumb","itemListElement":[{"@type":"ListItem","position":1,"name":"Accueil","item":"https:\/\/www.france-etalons.com\/fr\/"},{"@type":"ListItem","position":2,"name":"Mentions l\u00e9gales"}]},{"@type":"WebSite","@id":"https:\/\/www.france-etalons.com\/fr\/#website","url":"https:\/\/www.france-etalons.com\/fr\/","name":"France \u00c9talons","description":"","publisher":{"@id":"https:\/\/www.france-etalons.com\/fr\/#organization"},"potentialAction":[{"@type":"SearchAction","target":{"@type":"EntryPoint","urlTemplate":"https:\/\/www.france-etalons.com\/fr\/?s={search_term_string}"},"query-input":{"@type":"PropertyValueSpecification","valueRequired":true,"valueName":"search_term_string"}}],"inLanguage":"fr-FR"},{"@type":"Organization","@id":"https:\/\/www.france-etalons.com\/fr\/#organization","name":"France \u00c9talons","url":"https:\/\/www.france-etalons.com\/fr\/","logo":{"@type":"ImageObject","inLanguage":"fr-FR","@id":"https:\/\/www.france-etalons.com\/fr\/#\/schema\/logo\/image\/","url":"https:\/\/www.france-etalons.com\/wp-content\/uploads\/2023\/12\/logo_france_etalon.svg","contentUrl":"https:\/\/www.france-etalons.com\/wp-content\/uploads\/2023\/12\/logo_france_etalon.svg","width":94,"height":64,"caption":"France \u00c9talons"},"image":{"@id":"https:\/\/www.france-etalons.com\/fr\/#\/schema\/logo\/image\/"}}]}},"_links":{"self":[{"href":"https:\/\/www.france-etalons.com\/fr\/wp-json\/wp\/v2\/pages\/1995","targetHints":{"allow":["GET"]}}],"collection":[{"href":"https:\/\/www.france-etalons.com\/fr\/wp-json\/wp\/v2\/pages"}],"about":[{"href":"https:\/\/www.france-etalons.com\/fr\/wp-json\/wp\/v2\/types\/page"}],"author":[{"embeddable":true,"href":"https:\/\/www.france-etalons.com\/fr\/wp-json\/wp\/v2\/users\/1"}],"replies":[{"embeddable":true,"href":"https:\/\/www.france-etalons.com\/fr\/wp-json\/wp\/v2\/comments?post=1995"}],"version-history":[{"count":0,"href":"https:\/\/www.france-etalons.com\/fr\/wp-json\/wp\/v2\/pages\/1995\/revisions"}],"wp:featuredmedia":[{"embeddable":true,"href":"https:\/\/www.france-etalons.com\/fr\/wp-json\/wp\/v2\/media\/166"}],"wp:attachment":[{"href":"https:\/\/www.france-etalons.com\/fr\/wp-json\/wp\/v2\/media?parent=1995"}],"curies":[{"name":"wp","href":"https:\/\/api.w.org\/{rel}","templated":true}]}}