{"id":2252,"date":"2024-01-18T17:02:49","date_gmt":"2024-01-18T16:02:49","guid":{"rendered":"https:\/\/france-etalon.a.equideclic.com\/disclaimer\/"},"modified":"2024-01-26T10:14:39","modified_gmt":"2024-01-26T09:14:39","slug":"disclaimer","status":"publish","type":"page","link":"https:\/\/www.france-etalons.com\/en\/disclaimer\/","title":{"rendered":"Disclaimer"},"content":{"rendered":"\n<div class=\"wp-block-group has-global-padding is-layout-constrained wp-block-group-is-layout-constrained\">\n<p class=\"has-medium-font-size\">The French version prevails for this text.<\/p>\n\n\n\n<p>Preamble<br><br>Connection and navigation on the France Etalons Site by the User implies full and unreserved acceptance of these legal notices.<br><br><br><br>Article 1 \u2014 Publishers<br><br>Michel GUIOT \u2014 Denis HUBERT<br><br>France Etalons<br><br>Soci\u00e9t\u00e9 au capital de 1 000 euros<br><br>SIRET : 809 322 399 00019<br><br>Num\u00e9ro de TVA : FR76809322399<br><br>Code NAF : 0162Z<br><br>The head office : 12 Rue du Moulin \u2014 Termes, 08250 GRANDPRE<br><br><br><br>Article 2 \u2014 Host<br><br>The Site is hosted by the company Equideclic<br><br>Adresse : 60 Rue de l\u2019Ormelet, 14790 MOUEN<br><br><br><br>Article 3 \u2014 Conception<br><br>The Site was designed and developed by the company Equideclic<br><br>SIRET : 490 377 058 00048<br><br>Code NAF : 6201Z<br><br>Si\u00e8ge social : 60 Rue de l\u2019Ormelet, 14790 MOUEN<br><br><br><br>Article 4 \u2014 Access to the Site<br><br>The Site is accessible from any location, 7 days a day, 24 hours a day except in cases of force majeure, scheduled or unplanned interruption which may result from a need for maintenance.<br><br>In the event of modification, interruption or suspension of the Site, the Publisher cannot be held responsible.<br><br><br><br>Article 5 \u2014 Copyright<br><br>All texts, comments, photographs, software, illustrations and still or animated images reproduced or made available on this site are protected by copyright throughout the world. All photographs used on our Site were taken by: Dirk Caremans, Agence Ecary, Persburo Melissen, Pferdefotografie, Lafrentz, Janne Bugtrup, Reuters, PSV, Les Garennes, Simon Concept, Cyrielle, Temmerman, Hinners Sophie, Studforlife, Tiffany VAN HALL , Peter VAN DEN BULCK and Pixel Events.<br><br><br><br>Any use, reproduction, distribution, marketing, modification of all or part of the Site, without authorization from the Publisher is prohibited and may result in legal actions and proceedings as provided for in the Intellectual Property Code and the Civil Code.<\/p>\n\n\n\n<div style=\"height:100px\" aria-hidden=\"true\" class=\"wp-block-spacer\"><\/div>\n<\/div>\n","protected":false},"excerpt":{"rendered":"<p>The French version prevails for this text. Preamble Connection and navigation on the France Etalons Site by the User implies full and unreserved acceptance of these legal notices. Article 1 \u2014 Publishers Michel GUIOT \u2014 Denis HUBERT France Etalons Soci\u00e9t\u00e9 au capital de 1 000 euros SIRET : 809 322 399 00019 Num\u00e9ro de TVA [&hellip;]<\/p>\n","protected":false},"author":1,"featured_media":1281,"parent":0,"menu_order":0,"comment_status":"closed","ping_status":"closed","template":"","meta":{"_acf_changed":false,"inline_featured_image":false,"footnotes":""},"class_list":["post-2252","page","type-page","status-publish","has-post-thumbnail","hentry"],"acf":[],"yoast_head":"<!-- This site is optimized with the Yoast SEO plugin v27.3 - https:\/\/yoast.com\/product\/yoast-seo-wordpress\/ -->\n<title>Disclaimer - France \u00c9talons<\/title>\n<meta name=\"robots\" content=\"index, follow, max-snippet:-1, max-image-preview:large, max-video-preview:-1\" \/>\n<link rel=\"canonical\" href=\"https:\/\/www.france-etalons.com\/en\/disclaimer\/\" \/>\n<meta property=\"og:locale\" content=\"en_US\" \/>\n<meta property=\"og:type\" content=\"article\" \/>\n<meta property=\"og:title\" content=\"Disclaimer - France \u00c9talons\" \/>\n<meta property=\"og:description\" content=\"The French version prevails for this text. Preamble Connection and navigation on the France Etalons Site by the User implies full and unreserved acceptance of these legal notices. Article 1 \u2014 Publishers Michel GUIOT \u2014 Denis HUBERT France Etalons Soci\u00e9t\u00e9 au capital de 1 000 euros SIRET : 809 322 399 00019 Num\u00e9ro de TVA [&hellip;]\" \/>\n<meta property=\"og:url\" content=\"https:\/\/www.france-etalons.com\/en\/disclaimer\/\" \/>\n<meta property=\"og:site_name\" content=\"France \u00c9talons\" \/>\n<meta property=\"article:modified_time\" content=\"2024-01-26T09:14:39+00:00\" \/>\n<meta property=\"og:image\" content=\"https:\/\/www.france-etalons.com\/wp-content\/uploads\/2023\/12\/placeholder.jpg\" \/>\n\t<meta property=\"og:image:width\" content=\"768\" \/>\n\t<meta property=\"og:image:height\" content=\"768\" \/>\n\t<meta property=\"og:image:type\" content=\"image\/jpeg\" \/>\n<meta name=\"twitter:card\" content=\"summary_large_image\" \/>\n<script type=\"application\/ld+json\" class=\"yoast-schema-graph\">{\"@context\":\"https:\\\/\\\/schema.org\",\"@graph\":[{\"@type\":\"WebPage\",\"@id\":\"https:\\\/\\\/www.france-etalons.com\\\/en\\\/disclaimer\\\/\",\"url\":\"https:\\\/\\\/www.france-etalons.com\\\/en\\\/disclaimer\\\/\",\"name\":\"Disclaimer - France \u00c9talons\",\"isPartOf\":{\"@id\":\"https:\\\/\\\/www.france-etalons.com\\\/en\\\/#website\"},\"primaryImageOfPage\":{\"@id\":\"https:\\\/\\\/www.france-etalons.com\\\/en\\\/disclaimer\\\/#primaryimage\"},\"image\":{\"@id\":\"https:\\\/\\\/www.france-etalons.com\\\/en\\\/disclaimer\\\/#primaryimage\"},\"thumbnailUrl\":\"https:\\\/\\\/www.france-etalons.com\\\/wp-content\\\/uploads\\\/2023\\\/12\\\/placeholder.jpg\",\"datePublished\":\"2024-01-18T16:02:49+00:00\",\"dateModified\":\"2024-01-26T09:14:39+00:00\",\"breadcrumb\":{\"@id\":\"https:\\\/\\\/www.france-etalons.com\\\/en\\\/disclaimer\\\/#breadcrumb\"},\"inLanguage\":\"en-US\",\"potentialAction\":[{\"@type\":\"ReadAction\",\"target\":[\"https:\\\/\\\/www.france-etalons.com\\\/en\\\/disclaimer\\\/\"]}]},{\"@type\":\"ImageObject\",\"inLanguage\":\"en-US\",\"@id\":\"https:\\\/\\\/www.france-etalons.com\\\/en\\\/disclaimer\\\/#primaryimage\",\"url\":\"https:\\\/\\\/www.france-etalons.com\\\/wp-content\\\/uploads\\\/2023\\\/12\\\/placeholder.jpg\",\"contentUrl\":\"https:\\\/\\\/www.france-etalons.com\\\/wp-content\\\/uploads\\\/2023\\\/12\\\/placeholder.jpg\",\"width\":768,\"height\":768},{\"@type\":\"BreadcrumbList\",\"@id\":\"https:\\\/\\\/www.france-etalons.com\\\/en\\\/disclaimer\\\/#breadcrumb\",\"itemListElement\":[{\"@type\":\"ListItem\",\"position\":1,\"name\":\"Home\",\"item\":\"https:\\\/\\\/www.france-etalons.com\\\/en\\\/\"},{\"@type\":\"ListItem\",\"position\":2,\"name\":\"Disclaimer\"}]},{\"@type\":\"WebSite\",\"@id\":\"https:\\\/\\\/www.france-etalons.com\\\/en\\\/#website\",\"url\":\"https:\\\/\\\/www.france-etalons.com\\\/en\\\/\",\"name\":\"France \u00c9talons\",\"description\":\"\",\"publisher\":{\"@id\":\"https:\\\/\\\/www.france-etalons.com\\\/en\\\/#organization\"},\"potentialAction\":[{\"@type\":\"SearchAction\",\"target\":{\"@type\":\"EntryPoint\",\"urlTemplate\":\"https:\\\/\\\/www.france-etalons.com\\\/en\\\/?s={search_term_string}\"},\"query-input\":{\"@type\":\"PropertyValueSpecification\",\"valueRequired\":true,\"valueName\":\"search_term_string\"}}],\"inLanguage\":\"en-US\"},{\"@type\":\"Organization\",\"@id\":\"https:\\\/\\\/www.france-etalons.com\\\/en\\\/#organization\",\"name\":\"France \u00c9talons\",\"url\":\"https:\\\/\\\/www.france-etalons.com\\\/en\\\/\",\"logo\":{\"@type\":\"ImageObject\",\"inLanguage\":\"en-US\",\"@id\":\"https:\\\/\\\/www.france-etalons.com\\\/en\\\/#\\\/schema\\\/logo\\\/image\\\/\",\"url\":\"https:\\\/\\\/www.france-etalons.com\\\/wp-content\\\/uploads\\\/2023\\\/12\\\/logo_france_etalon.svg\",\"contentUrl\":\"https:\\\/\\\/www.france-etalons.com\\\/wp-content\\\/uploads\\\/2023\\\/12\\\/logo_france_etalon.svg\",\"width\":94,\"height\":64,\"caption\":\"France \u00c9talons\"},\"image\":{\"@id\":\"https:\\\/\\\/www.france-etalons.com\\\/en\\\/#\\\/schema\\\/logo\\\/image\\\/\"}}]}<\/script>\n<!-- \/ Yoast SEO plugin. -->","yoast_head_json":{"title":"Disclaimer - France \u00c9talons","robots":{"index":"index","follow":"follow","max-snippet":"max-snippet:-1","max-image-preview":"max-image-preview:large","max-video-preview":"max-video-preview:-1"},"canonical":"https:\/\/www.france-etalons.com\/en\/disclaimer\/","og_locale":"en_US","og_type":"article","og_title":"Disclaimer - France \u00c9talons","og_description":"The French version prevails for this text. Preamble Connection and navigation on the France Etalons Site by the User implies full and unreserved acceptance of these legal notices. Article 1 \u2014 Publishers Michel GUIOT \u2014 Denis HUBERT France Etalons Soci\u00e9t\u00e9 au capital de 1 000 euros SIRET : 809 322 399 00019 Num\u00e9ro de TVA [&hellip;]","og_url":"https:\/\/www.france-etalons.com\/en\/disclaimer\/","og_site_name":"France \u00c9talons","article_modified_time":"2024-01-26T09:14:39+00:00","og_image":[{"width":768,"height":768,"url":"https:\/\/www.france-etalons.com\/wp-content\/uploads\/2023\/12\/placeholder.jpg","type":"image\/jpeg"}],"twitter_card":"summary_large_image","schema":{"@context":"https:\/\/schema.org","@graph":[{"@type":"WebPage","@id":"https:\/\/www.france-etalons.com\/en\/disclaimer\/","url":"https:\/\/www.france-etalons.com\/en\/disclaimer\/","name":"Disclaimer - France \u00c9talons","isPartOf":{"@id":"https:\/\/www.france-etalons.com\/en\/#website"},"primaryImageOfPage":{"@id":"https:\/\/www.france-etalons.com\/en\/disclaimer\/#primaryimage"},"image":{"@id":"https:\/\/www.france-etalons.com\/en\/disclaimer\/#primaryimage"},"thumbnailUrl":"https:\/\/www.france-etalons.com\/wp-content\/uploads\/2023\/12\/placeholder.jpg","datePublished":"2024-01-18T16:02:49+00:00","dateModified":"2024-01-26T09:14:39+00:00","breadcrumb":{"@id":"https:\/\/www.france-etalons.com\/en\/disclaimer\/#breadcrumb"},"inLanguage":"en-US","potentialAction":[{"@type":"ReadAction","target":["https:\/\/www.france-etalons.com\/en\/disclaimer\/"]}]},{"@type":"ImageObject","inLanguage":"en-US","@id":"https:\/\/www.france-etalons.com\/en\/disclaimer\/#primaryimage","url":"https:\/\/www.france-etalons.com\/wp-content\/uploads\/2023\/12\/placeholder.jpg","contentUrl":"https:\/\/www.france-etalons.com\/wp-content\/uploads\/2023\/12\/placeholder.jpg","width":768,"height":768},{"@type":"BreadcrumbList","@id":"https:\/\/www.france-etalons.com\/en\/disclaimer\/#breadcrumb","itemListElement":[{"@type":"ListItem","position":1,"name":"Home","item":"https:\/\/www.france-etalons.com\/en\/"},{"@type":"ListItem","position":2,"name":"Disclaimer"}]},{"@type":"WebSite","@id":"https:\/\/www.france-etalons.com\/en\/#website","url":"https:\/\/www.france-etalons.com\/en\/","name":"France \u00c9talons","description":"","publisher":{"@id":"https:\/\/www.france-etalons.com\/en\/#organization"},"potentialAction":[{"@type":"SearchAction","target":{"@type":"EntryPoint","urlTemplate":"https:\/\/www.france-etalons.com\/en\/?s={search_term_string}"},"query-input":{"@type":"PropertyValueSpecification","valueRequired":true,"valueName":"search_term_string"}}],"inLanguage":"en-US"},{"@type":"Organization","@id":"https:\/\/www.france-etalons.com\/en\/#organization","name":"France \u00c9talons","url":"https:\/\/www.france-etalons.com\/en\/","logo":{"@type":"ImageObject","inLanguage":"en-US","@id":"https:\/\/www.france-etalons.com\/en\/#\/schema\/logo\/image\/","url":"https:\/\/www.france-etalons.com\/wp-content\/uploads\/2023\/12\/logo_france_etalon.svg","contentUrl":"https:\/\/www.france-etalons.com\/wp-content\/uploads\/2023\/12\/logo_france_etalon.svg","width":94,"height":64,"caption":"France \u00c9talons"},"image":{"@id":"https:\/\/www.france-etalons.com\/en\/#\/schema\/logo\/image\/"}}]}},"_links":{"self":[{"href":"https:\/\/www.france-etalons.com\/en\/wp-json\/wp\/v2\/pages\/2252","targetHints":{"allow":["GET"]}}],"collection":[{"href":"https:\/\/www.france-etalons.com\/en\/wp-json\/wp\/v2\/pages"}],"about":[{"href":"https:\/\/www.france-etalons.com\/en\/wp-json\/wp\/v2\/types\/page"}],"author":[{"embeddable":true,"href":"https:\/\/www.france-etalons.com\/en\/wp-json\/wp\/v2\/users\/1"}],"replies":[{"embeddable":true,"href":"https:\/\/www.france-etalons.com\/en\/wp-json\/wp\/v2\/comments?post=2252"}],"version-history":[{"count":0,"href":"https:\/\/www.france-etalons.com\/en\/wp-json\/wp\/v2\/pages\/2252\/revisions"}],"wp:featuredmedia":[{"embeddable":true,"href":"https:\/\/www.france-etalons.com\/en\/wp-json\/wp\/v2\/media\/1281"}],"wp:attachment":[{"href":"https:\/\/www.france-etalons.com\/en\/wp-json\/wp\/v2\/media?parent=2252"}],"curies":[{"name":"wp","href":"https:\/\/api.w.org\/{rel}","templated":true}]}}